{"id":55,"date":"2026-03-04T10:53:10","date_gmt":"2026-03-04T10:53:10","guid":{"rendered":"https:\/\/serviciosweb.tzarate.cursoceat.es\/?page_id=55"},"modified":"2026-03-10T12:52:11","modified_gmt":"2026-03-10T12:52:11","slug":"noticias","status":"publish","type":"page","link":"https:\/\/serviciosweb.tzarate.cursoceat.es\/index.php\/noticias\/","title":{"rendered":"noticias"},"content":{"rendered":"\t\t<div data-elementor-type=\"wp-page\" data-elementor-id=\"55\" class=\"elementor elementor-55\" data-elementor-post-type=\"page\">\n\t\t\t\t<div class=\"elementor-element elementor-element-27890468 e-con-full e-flex e-con e-parent\" data-id=\"27890468\" data-element_type=\"container\" data-e-type=\"container\" data-settings=\"{&quot;background_background&quot;:&quot;classic&quot;}\">\n\t\t\t\t<div class=\"elementor-element elementor-element-2e1a1eb elementor-widget elementor-widget-heading\" data-id=\"2e1a1eb\" data-element_type=\"widget\" data-e-type=\"widget\" data-widget_type=\"heading.default\">\n\t\t\t\t\t<h2 class=\"elementor-heading-title elementor-size-default\">Noticias y Eventos<\/h2>\t\t\t\t<\/div>\n\t\t\t\t<\/div>\n\t\t<div class=\"elementor-element elementor-element-e0404c3 e-con-full e-flex e-con e-parent\" data-id=\"e0404c3\" data-element_type=\"container\" data-e-type=\"container\">\n\t\t\t\t<div class=\"elementor-element elementor-element-69002d2 elementor-widget__width-initial elementor-widget elementor-widget-text-editor\" data-id=\"69002d2\" data-element_type=\"widget\" data-e-type=\"widget\" data-widget_type=\"text-editor.default\">\n\t\t\t\t\t\t\t\t\t<p>Ent\u00e9rate de las \u00faltimas noticias y novedades del mundo del Desarrollo Web<\/p>\t\t\t\t\t\t\t\t<\/div>\n\t\t\t\t<\/div>\n\t\t<div class=\"elementor-element elementor-element-8d9f552 e-flex e-con-boxed e-con e-parent\" data-id=\"8d9f552\" data-element_type=\"container\" data-e-type=\"container\">\n\t\t\t\t\t<div class=\"e-con-inner\">\n\t\t\t\t<div class=\"elementor-element elementor-element-0df4145 elementor-grid-1 elementor-posts--thumbnail-left elementor-posts--align-left elementor-widget__width-initial elementor-grid-tablet-2 elementor-grid-mobile-1 elementor-widget elementor-widget-posts\" data-id=\"0df4145\" data-element_type=\"widget\" data-e-type=\"widget\" data-settings=\"{&quot;classic_columns&quot;:&quot;1&quot;,&quot;pagination_type&quot;:&quot;prev_next&quot;,&quot;classic_columns_tablet&quot;:&quot;2&quot;,&quot;classic_columns_mobile&quot;:&quot;1&quot;,&quot;classic_row_gap&quot;:{&quot;unit&quot;:&quot;px&quot;,&quot;size&quot;:35,&quot;sizes&quot;:[]},&quot;classic_row_gap_tablet&quot;:{&quot;unit&quot;:&quot;px&quot;,&quot;size&quot;:&quot;&quot;,&quot;sizes&quot;:[]},&quot;classic_row_gap_mobile&quot;:{&quot;unit&quot;:&quot;px&quot;,&quot;size&quot;:&quot;&quot;,&quot;sizes&quot;:[]}}\" data-widget_type=\"posts.classic\">\n\t\t\t\t<div class=\"elementor-widget-container\">\n\t\t\t\t\t\t\t<div class=\"elementor-posts-container elementor-posts elementor-posts--skin-classic elementor-grid\" role=\"list\">\n\t\t\t\t<article class=\"elementor-post elementor-grid-item post-570 post type-post status-publish format-standard has-post-thumbnail hentry category-uncategorized\" role=\"listitem\">\n\t\t\t\t<a class=\"elementor-post__thumbnail__link\" href=\"https:\/\/serviciosweb.tzarate.cursoceat.es\/index.php\/2026\/03\/09\/navarra-destaca-en-desarrollo-web-mientras-crecen-los-frameworks-web-frente-a-las-tecnologias-nativas\/\" tabindex=\"-1\" >\n\t\t\t<div class=\"elementor-post__thumbnail\"><img fetchpriority=\"high\" decoding=\"async\" width=\"300\" height=\"191\" src=\"https:\/\/serviciosweb.tzarate.cursoceat.es\/wp-content\/uploads\/2026\/03\/navarra-avanza-en-desarrollo-web-300x191.jpeg\" class=\"attachment-medium size-medium wp-image-571\" alt=\"\" srcset=\"https:\/\/serviciosweb.tzarate.cursoceat.es\/wp-content\/uploads\/2026\/03\/navarra-avanza-en-desarrollo-web-300x191.jpeg 300w, https:\/\/serviciosweb.tzarate.cursoceat.es\/wp-content\/uploads\/2026\/03\/navarra-avanza-en-desarrollo-web-1024x653.jpeg 1024w, https:\/\/serviciosweb.tzarate.cursoceat.es\/wp-content\/uploads\/2026\/03\/navarra-avanza-en-desarrollo-web-768x490.jpeg 768w, https:\/\/serviciosweb.tzarate.cursoceat.es\/wp-content\/uploads\/2026\/03\/navarra-avanza-en-desarrollo-web-1536x980.jpeg 1536w, https:\/\/serviciosweb.tzarate.cursoceat.es\/wp-content\/uploads\/2026\/03\/navarra-avanza-en-desarrollo-web.jpeg 1920w\" sizes=\"(max-width: 300px) 100vw, 300px\" \/><\/div>\n\t\t<\/a>\n\t\t\t\t<div class=\"elementor-post__text\">\n\t\t\t\t<h3 class=\"elementor-post__title\">\n\t\t\t<a href=\"https:\/\/serviciosweb.tzarate.cursoceat.es\/index.php\/2026\/03\/09\/navarra-destaca-en-desarrollo-web-mientras-crecen-los-frameworks-web-frente-a-las-tecnologias-nativas\/\" >\n\t\t\t\tNavarra destaca en Desarrollo Web mientras crecen los frameworks web frente a las tecnolog\u00edas nativas\t\t\t<\/a>\n\t\t<\/h3>\n\t\t\n\t\t<a class=\"elementor-post__read-more\" href=\"https:\/\/serviciosweb.tzarate.cursoceat.es\/index.php\/2026\/03\/09\/navarra-destaca-en-desarrollo-web-mientras-crecen-los-frameworks-web-frente-a-las-tecnologias-nativas\/\" aria-label=\"Read more about Navarra destaca en Desarrollo Web mientras crecen los frameworks web frente a las tecnolog\u00edas nativas\" tabindex=\"-1\" >\n\t\t\t\t\t<\/a>\n\n\t\t\t\t<\/div>\n\t\t\t\t<\/article>\n\t\t\t\t<\/div>\n\t\t\n\t\t\t\t\t\t<\/div>\n\t\t\t\t<\/div>\n\t\t\t\t\t<\/div>\n\t\t\t\t<\/div>\n\t\t<div class=\"elementor-element elementor-element-075bcff e-con-full e-flex e-con e-parent\" data-id=\"075bcff\" data-element_type=\"container\" data-e-type=\"container\">\n\t\t\t\t<div class=\"elementor-element elementor-element-cef26b5 elementor-widget__width-initial elementor-widget elementor-widget-text-editor\" data-id=\"cef26b5\" data-element_type=\"widget\" data-e-type=\"widget\" data-widget_type=\"text-editor.default\">\n\t\t\t\t\t\t\t\t\t<p>Ent\u00e9rate de los \u00faltimos eventos disponibles<\/p>\t\t\t\t\t\t\t\t<\/div>\n\t\t\t\t<\/div>\n\t\t<div class=\"elementor-element elementor-element-58793d8 e-flex e-con-boxed e-con e-parent\" data-id=\"58793d8\" data-element_type=\"container\" data-e-type=\"container\">\n\t\t\t\t\t<div class=\"e-con-inner\">\n\t\t\t\t<div class=\"elementor-element elementor-element-6aeb356 elementor-grid-1 elementor-posts--thumbnail-left elementor-posts--align-left elementor-widget__width-initial elementor-grid-tablet-2 elementor-grid-mobile-1 elementor-widget elementor-widget-posts\" data-id=\"6aeb356\" data-element_type=\"widget\" data-e-type=\"widget\" data-settings=\"{&quot;classic_columns&quot;:&quot;1&quot;,&quot;pagination_type&quot;:&quot;prev_next&quot;,&quot;classic_columns_tablet&quot;:&quot;2&quot;,&quot;classic_columns_mobile&quot;:&quot;1&quot;,&quot;classic_row_gap&quot;:{&quot;unit&quot;:&quot;px&quot;,&quot;size&quot;:35,&quot;sizes&quot;:[]},&quot;classic_row_gap_tablet&quot;:{&quot;unit&quot;:&quot;px&quot;,&quot;size&quot;:&quot;&quot;,&quot;sizes&quot;:[]},&quot;classic_row_gap_mobile&quot;:{&quot;unit&quot;:&quot;px&quot;,&quot;size&quot;:&quot;&quot;,&quot;sizes&quot;:[]}}\" data-widget_type=\"posts.classic\">\n\t\t\t\t<div class=\"elementor-widget-container\">\n\t\t\t\t\t\t\t<div class=\"elementor-posts-container elementor-posts elementor-posts--skin-classic elementor-grid\" role=\"list\">\n\t\t\t\t<article class=\"elementor-post elementor-grid-item post-591 evento type-evento status-publish has-post-thumbnail hentry\" role=\"listitem\">\n\t\t\t\t<a class=\"elementor-post__thumbnail__link\" href=\"https:\/\/serviciosweb.tzarate.cursoceat.es\/index.php\/evento\/charla-de-experta-en-programacion-de-sun-cloud\/\" tabindex=\"-1\" >\n\t\t\t<div class=\"elementor-post__thumbnail\"><img decoding=\"async\" width=\"300\" height=\"300\" src=\"https:\/\/serviciosweb.tzarate.cursoceat.es\/wp-content\/uploads\/2026\/03\/factoriabiz-desarrollo-software-empresas.jpg-300x300.webp\" class=\"attachment-medium size-medium wp-image-178\" alt=\"\" srcset=\"https:\/\/serviciosweb.tzarate.cursoceat.es\/wp-content\/uploads\/2026\/03\/factoriabiz-desarrollo-software-empresas.jpg-300x300.webp 300w, https:\/\/serviciosweb.tzarate.cursoceat.es\/wp-content\/uploads\/2026\/03\/factoriabiz-desarrollo-software-empresas.jpg-150x150.webp 150w, https:\/\/serviciosweb.tzarate.cursoceat.es\/wp-content\/uploads\/2026\/03\/factoriabiz-desarrollo-software-empresas.jpg.webp 720w\" sizes=\"(max-width: 300px) 100vw, 300px\" \/><\/div>\n\t\t<\/a>\n\t\t\t\t<div class=\"elementor-post__text\">\n\t\t\t\t<h3 class=\"elementor-post__title\">\n\t\t\t<a href=\"https:\/\/serviciosweb.tzarate.cursoceat.es\/index.php\/evento\/charla-de-experta-en-programacion-de-sun-cloud\/\" >\n\t\t\t\tCharla de experta en Programaci\u00f3n de SUN CLOUD\t\t\t<\/a>\n\t\t<\/h3>\n\t\t\n\t\t<a class=\"elementor-post__read-more\" href=\"https:\/\/serviciosweb.tzarate.cursoceat.es\/index.php\/evento\/charla-de-experta-en-programacion-de-sun-cloud\/\" aria-label=\"Read more about Charla de experta en Programaci\u00f3n de SUN CLOUD\" tabindex=\"-1\" >\n\t\t\t\t\t<\/a>\n\n\t\t\t\t<\/div>\n\t\t\t\t<\/article>\n\t\t\t\t<\/div>\n\t\t\n\t\t\t\t\t\t<\/div>\n\t\t\t\t<\/div>\n\t\t\t\t\t<\/div>\n\t\t\t\t<\/div>\n\t\t\t\t<\/div>\n\t\t","protected":false},"excerpt":{"rendered":"<p>Noticias y Eventos Ent\u00e9rate de las \u00faltimas noticias y novedades del mundo del Desarrollo Web Ent\u00e9rate de los \u00faltimos eventos disponibles<\/p>\n","protected":false},"author":1,"featured_media":0,"parent":0,"menu_order":0,"comment_status":"closed","ping_status":"closed","template":"elementor_header_footer","meta":{"_acf_changed":false,"_eb_attr":"","footnotes":""},"class_list":["post-55","page","type-page","status-publish","hentry"],"acf":[],"yoast_head":"<!-- This site is optimized with the Yoast SEO plugin v27.5 - https:\/\/yoast.com\/product\/yoast-seo-wordpress\/ -->\n<title>noticias - SERVICIOS WEB<\/title>\n<meta name=\"robots\" content=\"index, follow, max-snippet:-1, max-image-preview:large, max-video-preview:-1\" \/>\n<link rel=\"canonical\" href=\"https:\/\/serviciosweb.tzarate.cursoceat.es\/index.php\/noticias\/\" \/>\n<meta property=\"og:locale\" content=\"es_ES\" \/>\n<meta property=\"og:type\" content=\"article\" \/>\n<meta property=\"og:title\" content=\"noticias - SERVICIOS WEB\" \/>\n<meta property=\"og:description\" content=\"Noticias y Eventos Ent\u00e9rate de las \u00faltimas noticias y novedades del mundo del Desarrollo Web Ent\u00e9rate de los \u00faltimos eventos disponibles\" \/>\n<meta property=\"og:url\" content=\"https:\/\/serviciosweb.tzarate.cursoceat.es\/index.php\/noticias\/\" \/>\n<meta property=\"og:site_name\" content=\"SERVICIOS WEB\" \/>\n<meta property=\"article:modified_time\" content=\"2026-03-10T12:52:11+00:00\" \/>\n<meta name=\"twitter:card\" content=\"summary_large_image\" \/>\n<meta name=\"twitter:label1\" content=\"Tiempo de lectura\" \/>\n\t<meta name=\"twitter:data1\" content=\"1 minuto\" \/>\n<script type=\"application\/ld+json\" class=\"yoast-schema-graph\">{\"@context\":\"https:\\\/\\\/schema.org\",\"@graph\":[{\"@type\":\"WebPage\",\"@id\":\"https:\\\/\\\/serviciosweb.tzarate.cursoceat.es\\\/index.php\\\/noticias\\\/\",\"url\":\"https:\\\/\\\/serviciosweb.tzarate.cursoceat.es\\\/index.php\\\/noticias\\\/\",\"name\":\"noticias - SERVICIOS WEB\",\"isPartOf\":{\"@id\":\"https:\\\/\\\/serviciosweb.tzarate.cursoceat.es\\\/#website\"},\"datePublished\":\"2026-03-04T10:53:10+00:00\",\"dateModified\":\"2026-03-10T12:52:11+00:00\",\"breadcrumb\":{\"@id\":\"https:\\\/\\\/serviciosweb.tzarate.cursoceat.es\\\/index.php\\\/noticias\\\/#breadcrumb\"},\"inLanguage\":\"es\",\"potentialAction\":[{\"@type\":\"ReadAction\",\"target\":[\"https:\\\/\\\/serviciosweb.tzarate.cursoceat.es\\\/index.php\\\/noticias\\\/\"]}]},{\"@type\":\"BreadcrumbList\",\"@id\":\"https:\\\/\\\/serviciosweb.tzarate.cursoceat.es\\\/index.php\\\/noticias\\\/#breadcrumb\",\"itemListElement\":[{\"@type\":\"ListItem\",\"position\":1,\"name\":\"Portada\",\"item\":\"https:\\\/\\\/serviciosweb.tzarate.cursoceat.es\\\/\"},{\"@type\":\"ListItem\",\"position\":2,\"name\":\"noticias\"}]},{\"@type\":\"WebSite\",\"@id\":\"https:\\\/\\\/serviciosweb.tzarate.cursoceat.es\\\/#website\",\"url\":\"https:\\\/\\\/serviciosweb.tzarate.cursoceat.es\\\/\",\"name\":\"SERVICIOS WEB\",\"description\":\"Tecnolog&iacute;a Web e Inteligencia Artificial a tu alcance\",\"publisher\":{\"@id\":\"https:\\\/\\\/serviciosweb.tzarate.cursoceat.es\\\/#organization\"},\"potentialAction\":[{\"@type\":\"SearchAction\",\"target\":{\"@type\":\"EntryPoint\",\"urlTemplate\":\"https:\\\/\\\/serviciosweb.tzarate.cursoceat.es\\\/?s={search_term_string}\"},\"query-input\":{\"@type\":\"PropertyValueSpecification\",\"valueRequired\":true,\"valueName\":\"search_term_string\"}}],\"inLanguage\":\"es\"},{\"@type\":\"Organization\",\"@id\":\"https:\\\/\\\/serviciosweb.tzarate.cursoceat.es\\\/#organization\",\"name\":\"SERVICIOS WEB\",\"url\":\"https:\\\/\\\/serviciosweb.tzarate.cursoceat.es\\\/\",\"logo\":{\"@type\":\"ImageObject\",\"inLanguage\":\"es\",\"@id\":\"https:\\\/\\\/serviciosweb.tzarate.cursoceat.es\\\/#\\\/schema\\\/logo\\\/image\\\/\",\"url\":\"https:\\\/\\\/serviciosweb.tzarate.cursoceat.es\\\/wp-content\\\/uploads\\\/2026\\\/02\\\/logo-desarrollo-web2.png\",\"contentUrl\":\"https:\\\/\\\/serviciosweb.tzarate.cursoceat.es\\\/wp-content\\\/uploads\\\/2026\\\/02\\\/logo-desarrollo-web2.png\",\"width\":966,\"height\":258,\"caption\":\"SERVICIOS WEB\"},\"image\":{\"@id\":\"https:\\\/\\\/serviciosweb.tzarate.cursoceat.es\\\/#\\\/schema\\\/logo\\\/image\\\/\"}}]}<\/script>\n<!-- \/ Yoast SEO plugin. -->","yoast_head_json":{"title":"noticias - SERVICIOS WEB","robots":{"index":"index","follow":"follow","max-snippet":"max-snippet:-1","max-image-preview":"max-image-preview:large","max-video-preview":"max-video-preview:-1"},"canonical":"https:\/\/serviciosweb.tzarate.cursoceat.es\/index.php\/noticias\/","og_locale":"es_ES","og_type":"article","og_title":"noticias - SERVICIOS WEB","og_description":"Noticias y Eventos Ent\u00e9rate de las \u00faltimas noticias y novedades del mundo del Desarrollo Web Ent\u00e9rate de los \u00faltimos eventos disponibles","og_url":"https:\/\/serviciosweb.tzarate.cursoceat.es\/index.php\/noticias\/","og_site_name":"SERVICIOS WEB","article_modified_time":"2026-03-10T12:52:11+00:00","twitter_card":"summary_large_image","twitter_misc":{"Tiempo de lectura":"1 minuto"},"schema":{"@context":"https:\/\/schema.org","@graph":[{"@type":"WebPage","@id":"https:\/\/serviciosweb.tzarate.cursoceat.es\/index.php\/noticias\/","url":"https:\/\/serviciosweb.tzarate.cursoceat.es\/index.php\/noticias\/","name":"noticias - SERVICIOS WEB","isPartOf":{"@id":"https:\/\/serviciosweb.tzarate.cursoceat.es\/#website"},"datePublished":"2026-03-04T10:53:10+00:00","dateModified":"2026-03-10T12:52:11+00:00","breadcrumb":{"@id":"https:\/\/serviciosweb.tzarate.cursoceat.es\/index.php\/noticias\/#breadcrumb"},"inLanguage":"es","potentialAction":[{"@type":"ReadAction","target":["https:\/\/serviciosweb.tzarate.cursoceat.es\/index.php\/noticias\/"]}]},{"@type":"BreadcrumbList","@id":"https:\/\/serviciosweb.tzarate.cursoceat.es\/index.php\/noticias\/#breadcrumb","itemListElement":[{"@type":"ListItem","position":1,"name":"Portada","item":"https:\/\/serviciosweb.tzarate.cursoceat.es\/"},{"@type":"ListItem","position":2,"name":"noticias"}]},{"@type":"WebSite","@id":"https:\/\/serviciosweb.tzarate.cursoceat.es\/#website","url":"https:\/\/serviciosweb.tzarate.cursoceat.es\/","name":"SERVICIOS WEB","description":"Tecnolog&iacute;a Web e Inteligencia Artificial a tu alcance","publisher":{"@id":"https:\/\/serviciosweb.tzarate.cursoceat.es\/#organization"},"potentialAction":[{"@type":"SearchAction","target":{"@type":"EntryPoint","urlTemplate":"https:\/\/serviciosweb.tzarate.cursoceat.es\/?s={search_term_string}"},"query-input":{"@type":"PropertyValueSpecification","valueRequired":true,"valueName":"search_term_string"}}],"inLanguage":"es"},{"@type":"Organization","@id":"https:\/\/serviciosweb.tzarate.cursoceat.es\/#organization","name":"SERVICIOS WEB","url":"https:\/\/serviciosweb.tzarate.cursoceat.es\/","logo":{"@type":"ImageObject","inLanguage":"es","@id":"https:\/\/serviciosweb.tzarate.cursoceat.es\/#\/schema\/logo\/image\/","url":"https:\/\/serviciosweb.tzarate.cursoceat.es\/wp-content\/uploads\/2026\/02\/logo-desarrollo-web2.png","contentUrl":"https:\/\/serviciosweb.tzarate.cursoceat.es\/wp-content\/uploads\/2026\/02\/logo-desarrollo-web2.png","width":966,"height":258,"caption":"SERVICIOS WEB"},"image":{"@id":"https:\/\/serviciosweb.tzarate.cursoceat.es\/#\/schema\/logo\/image\/"}}]}},"_links":{"self":[{"href":"https:\/\/serviciosweb.tzarate.cursoceat.es\/index.php\/wp-json\/wp\/v2\/pages\/55","targetHints":{"allow":["GET"]}}],"collection":[{"href":"https:\/\/serviciosweb.tzarate.cursoceat.es\/index.php\/wp-json\/wp\/v2\/pages"}],"about":[{"href":"https:\/\/serviciosweb.tzarate.cursoceat.es\/index.php\/wp-json\/wp\/v2\/types\/page"}],"author":[{"embeddable":true,"href":"https:\/\/serviciosweb.tzarate.cursoceat.es\/index.php\/wp-json\/wp\/v2\/users\/1"}],"replies":[{"embeddable":true,"href":"https:\/\/serviciosweb.tzarate.cursoceat.es\/index.php\/wp-json\/wp\/v2\/comments?post=55"}],"version-history":[{"count":69,"href":"https:\/\/serviciosweb.tzarate.cursoceat.es\/index.php\/wp-json\/wp\/v2\/pages\/55\/revisions"}],"predecessor-version":[{"id":709,"href":"https:\/\/serviciosweb.tzarate.cursoceat.es\/index.php\/wp-json\/wp\/v2\/pages\/55\/revisions\/709"}],"wp:attachment":[{"href":"https:\/\/serviciosweb.tzarate.cursoceat.es\/index.php\/wp-json\/wp\/v2\/media?parent=55"}],"curies":[{"name":"wp","href":"https:\/\/api.w.org\/{rel}","templated":true}]}}